{"id":15,"date":"2010-02-07T17:11:01","date_gmt":"2010-02-07T17:11:01","guid":{"rendered":"http:\/\/theblackfamily.de\/?page_id=15"},"modified":"2010-04-06T05:13:58","modified_gmt":"2010-04-06T05:13:58","slug":"reiseimpressionen","status":"publish","type":"page","link":"https:\/\/theblackfamily.de\/?page_id=15","title":{"rendered":"Reiseimpressionen"},"content":{"rendered":"","protected":true},"excerpt":{"rendered":"","protected":true},"author":1,"featured_media":0,"parent":0,"menu_order":4,"comment_status":"closed","ping_status":"open","template":"","meta":{"ngg_post_thumbnail":0,"spay_email":""},"jetpack_sharing_enabled":true,"jetpack_shortlink":"https:\/\/wp.me\/P74UKo-f","jetpack-related-posts":[{"id":258,"url":"https:\/\/theblackfamily.de\/?page_id=258","url_meta":{"origin":15,"position":0},"title":"Ich bin\u00b4s, die Pauline","date":"21. Februar 2010","format":false,"excerpt":"14. April 2010 hallo, wollte mich auch mal wieder melden. hab lange nichts mehrvon mir h\u00f6ren lassen. mir gings auch nicht so gut. mama meint, ich h\u00e4tte mundf\u00e4ule gehabt. h\u00f6rt sich ja komisch an. war es aber garnicht!!!! ich hatte drei tage fieber und dann gings los. \u00fcberall so bl\u00e4schen\u2026","rel":"","context":"In &quot;Allgemein&quot;","img":{"alt_text":"","src":"","width":0,"height":0},"classes":[]}],"_links":{"self":[{"href":"https:\/\/theblackfamily.de\/index.php?rest_route=\/wp\/v2\/pages\/15"}],"collection":[{"href":"https:\/\/theblackfamily.de\/index.php?rest_route=\/wp\/v2\/pages"}],"about":[{"href":"https:\/\/theblackfamily.de\/index.php?rest_route=\/wp\/v2\/types\/page"}],"author":[{"embeddable":true,"href":"https:\/\/theblackfamily.de\/index.php?rest_route=\/wp\/v2\/users\/1"}],"replies":[{"embeddable":true,"href":"https:\/\/theblackfamily.de\/index.php?rest_route=%2Fwp%2Fv2%2Fcomments&post=15"}],"version-history":[{"count":23,"href":"https:\/\/theblackfamily.de\/index.php?rest_route=\/wp\/v2\/pages\/15\/revisions"}],"predecessor-version":[{"id":91,"href":"https:\/\/theblackfamily.de\/index.php?rest_route=\/wp\/v2\/pages\/15\/revisions\/91"}],"wp:attachment":[{"href":"https:\/\/theblackfamily.de\/index.php?rest_route=%2Fwp%2Fv2%2Fmedia&parent=15"}],"curies":[{"name":"wp","href":"https:\/\/api.w.org\/{rel}","templated":true}]}}