{"id":258,"date":"2010-02-21T21:07:54","date_gmt":"2010-02-21T21:07:54","guid":{"rendered":"http:\/\/theblackfamily.de\/?page_id=258"},"modified":"2010-04-14T10:28:38","modified_gmt":"2010-04-14T10:28:38","slug":"ich-bin%c2%b4s-die-pauline","status":"publish","type":"page","link":"https:\/\/theblackfamily.de\/?page_id=258","title":{"rendered":"Ich bin\u00b4s, die Pauline"},"content":{"rendered":"<p>14. April 2010<\/p>\n<p>hallo, wollte mich auch mal wieder melden. hab lange nichts mehrvon mir h\u00f6ren lassen. mir gings auch nicht so gut. mama meint, ich h\u00e4tte mundf\u00e4ule gehabt. h\u00f6rt sich ja komisch an. war es aber garnicht!!!! ich hatte drei tage fieber und dann gings los. \u00fcberall so bl\u00e4schen im mund und das zahnfleisch war total angeschwollen und blutete manchmal. ich konnte drei tage NICHTS essen. und war immer schlecht drauf. aber ist ja klar, wenn einem selbst das sprechen weh tut. mama und papa haben sich m\u00fche gegeben, mir zu helfen, aber ich glaube manchmal hab ich sie ziemlich genervt mit meinem gejammer. das kann ich ganz gut, meint papa.seit heute geht es mir schon wieder besser. kann mehr essen und meine laune steigt. jetzt hoffen alle, dass anton es nicht auch noch kriegt, da es ein herpes-virus ist und hoch ansteckend. wir wollen doch nach uhlbach zur\u00fcck!!!! wir freuen uns schon so auf alle. und wenn anton wegen der bl\u00e4schen im mund keinen schnulli mehr nuggeln d\u00fcrfte, dann w\u00e4re das glaub das gr\u00f6\u00dfte drama f\u00fcr ihn. der ist ja noch ein baby! ich nehme ihm gerne den schnulli weg, weil er dann \u00f6fter lacht- oder weint..papa meint ,das krieg ich irgendwann zur\u00fcck. wei\u00df nicht was er damit meint. sydney find ich klasse. im hotelzimmer kann man prima roller fahren, den ich zu ostern bekommen habe. bloss sandeln kann man hier nicht mehr. und spielpl\u00e4tze gibt es hier auch nicht mehr so viele. aber ich will ja nicht schon wieder meckern&#8230;&#8230;.bis bald!!!! ich freu mich sooooooooo!<\/p>\n<p>6. April 2010<\/p>\n<p>Inzwischen war Ostern und wir sind echt weit gekommen jetzt. So langsam freue ich mich wieder auf Uhlbach und Sidney, auf meine Verwandten in Stuttgart, Backnang und sonst wo. Das Camperleben habe ich echt satt. Jeden Tag passiert meinen Eltern irgendwas. Heute ist der Fr\u00fchst\u00fcckstisch umgefallen, mitsamt den ganzen Fr\u00fchst\u00fcckssachen drauf, also auch meinem frischen M\u00fcsli. Das war eine echte Sauerei in dem Auto hier. Anton und ich fanden das bl\u00f6d und haben das durch Schreien deutlich gezeigt.Aber dann kam der Osterhase wieder, keine Anhung warum eigentlich. Am Sonntag war er ja auch da und hat Schokoladeneier und 2 Hasen ums Auto rum gestellt. Anton und ich haben fast alles gegessen schon. Auf jeden Fall hat der gute Osterhase und ich wei\u00df seit heute, dass er ein guter Osterhase ist, mir einen Roller gebracht. Komischerweise haben Mama und Papa den in einem Gesch\u00e4ft in dem Ort hier aber geholt und da war kein Hase. Der stand rum und wir haben ihn dann bezahlt an der Kasse. Egal!\u00a0 Ich bin vom Ort aus fast heimgerollert, waren fast 4 Kilometer &#8211; hatte ich das Gef\u00fchl.<\/p>\n<p>Kann jetzt mit Papa immer mitrollern. Freu mich.<\/p>\n<p><a href=\"https:\/\/i0.wp.com\/theblackfamily.de\/wp-content\/uploads\/2010\/02\/IMG_5682.jpg\"><img data-attachment-id=\"407\" data-permalink=\"https:\/\/theblackfamily.de\/?attachment_id=407\" data-orig-file=\"https:\/\/i0.wp.com\/theblackfamily.de\/wp-content\/uploads\/2010\/02\/IMG_5682.jpg?fit=1728%2C1152&amp;ssl=1\" data-orig-size=\"1728,1152\" data-comments-opened=\"1\" data-image-meta=\"{&quot;aperture&quot;:&quot;5.6&quot;,&quot;credit&quot;:&quot;&quot;,&quot;camera&quot;:&quot;Canon EOS 350D DIGITAL&quot;,&quot;caption&quot;:&quot;&quot;,&quot;created_timestamp&quot;:&quot;1270554831&quot;,&quot;copyright&quot;:&quot;&quot;,&quot;focal_length&quot;:&quot;55&quot;,&quot;iso&quot;:&quot;125&quot;,&quot;shutter_speed&quot;:&quot;0.002&quot;,&quot;title&quot;:&quot;&quot;}\" data-image-title=\"Rollern macht furchtbar Spa\u00df\" data-image-description=\"\" data-image-caption=\"&lt;p&gt;Meine ersten Verscueh auf dem neuen Roller&lt;\/p&gt;\n\" data-medium-file=\"https:\/\/i0.wp.com\/theblackfamily.de\/wp-content\/uploads\/2010\/02\/IMG_5682.jpg?fit=300%2C200&amp;ssl=1\" data-large-file=\"https:\/\/i0.wp.com\/theblackfamily.de\/wp-content\/uploads\/2010\/02\/IMG_5682.jpg?fit=1024%2C682&amp;ssl=1\" loading=\"lazy\" class=\"size-thumbnail wp-image-407 alignnone\" title=\"Rollern macht furchtbar Spa\u00df\" src=\"https:\/\/i0.wp.com\/theblackfamily.de\/wp-content\/uploads\/2010\/02\/IMG_5682.jpg?resize=150%2C150\" alt=\"\" width=\"150\" height=\"150\" srcset=\"https:\/\/i0.wp.com\/theblackfamily.de\/wp-content\/uploads\/2010\/02\/IMG_5682.jpg?resize=150%2C150&amp;ssl=1 150w, https:\/\/i0.wp.com\/theblackfamily.de\/wp-content\/uploads\/2010\/02\/IMG_5682.jpg?zoom=2&amp;resize=150%2C150 300w, https:\/\/i0.wp.com\/theblackfamily.de\/wp-content\/uploads\/2010\/02\/IMG_5682.jpg?zoom=3&amp;resize=150%2C150 450w\" sizes=\"(max-width: 150px) 100vw, 150px\" data-recalc-dims=\"1\" \/><\/a><\/p>\n<p>17. M\u00e4rz 2010<\/p>\n<p style=\"text-align: left;\">Heute ist Antons erster Geburtstag. Wir feiern das, obwohl Anton selber gar nicht so gut drauf ist. Mir macht das nichts, ich habe heute Mittag das Eis gegessen, das f\u00fcr ihn war, 3 Kugeln Vanille mit k\u00fcnstlicher Bananensauce und heute morgen hab ich happy birthday f\u00fcr ihn gesungen<\/p>\n<p style=\"text-align: left;\"><a href=\"http:\/\/theblackfamily.de\/wp-content\/uploads\/2010\/02\/VN550083.wma\">hier singe ich happy birthday &#8211; einfach mal draufklicken<\/a><\/p>\n<p style=\"text-align: left;\">und dann hab ich noch das geburtstagsfoto von anton geschossen, ist mir gut gelungen. meine kamera ist super.<\/p>\n<p style=\"text-align: left;\"><a href=\"https:\/\/i0.wp.com\/theblackfamily.de\/wp-content\/uploads\/2010\/02\/DC000243.jpg\"><img data-attachment-id=\"377\" data-permalink=\"https:\/\/theblackfamily.de\/?attachment_id=377\" data-orig-file=\"https:\/\/i0.wp.com\/theblackfamily.de\/wp-content\/uploads\/2010\/02\/DC000243.jpg?fit=1600%2C1200&amp;ssl=1\" data-orig-size=\"1600,1200\" data-comments-opened=\"1\" data-image-meta=\"{&quot;aperture&quot;:&quot;0&quot;,&quot;credit&quot;:&quot;&quot;,&quot;camera&quot;:&quot;Kidizoom camera&quot;,&quot;caption&quot;:&quot;&quot;,&quot;created_timestamp&quot;:&quot;0&quot;,&quot;copyright&quot;:&quot;&quot;,&quot;focal_length&quot;:&quot;0&quot;,&quot;iso&quot;:&quot;0&quot;,&quot;shutter_speed&quot;:&quot;0&quot;,&quot;title&quot;:&quot;&quot;}\" data-image-title=\"Anton an seinem ersten Geburtstag\" data-image-description=\"\" data-image-caption=\"\" data-medium-file=\"https:\/\/i0.wp.com\/theblackfamily.de\/wp-content\/uploads\/2010\/02\/DC000243.jpg?fit=300%2C225&amp;ssl=1\" data-large-file=\"https:\/\/i0.wp.com\/theblackfamily.de\/wp-content\/uploads\/2010\/02\/DC000243.jpg?fit=1024%2C768&amp;ssl=1\" loading=\"lazy\" class=\"alignnone size-thumbnail wp-image-377\" title=\"Anton an seinem ersten Geburtstag\" src=\"https:\/\/i0.wp.com\/theblackfamily.de\/wp-content\/uploads\/2010\/02\/DC000243.jpg?resize=150%2C150\" alt=\"\" width=\"150\" height=\"150\" srcset=\"https:\/\/i0.wp.com\/theblackfamily.de\/wp-content\/uploads\/2010\/02\/DC000243.jpg?resize=150%2C150&amp;ssl=1 150w, https:\/\/i0.wp.com\/theblackfamily.de\/wp-content\/uploads\/2010\/02\/DC000243.jpg?zoom=2&amp;resize=150%2C150 300w, https:\/\/i0.wp.com\/theblackfamily.de\/wp-content\/uploads\/2010\/02\/DC000243.jpg?zoom=3&amp;resize=150%2C150 450w\" sizes=\"(max-width: 150px) 100vw, 150px\" data-recalc-dims=\"1\" \/><\/a><\/p>\n<p>13. M\u00e4rz 2010<\/p>\n<p>nachdem heute mein Verein verloren hat, wollte Papa schlecht drauf sein, war er aber nicht. Er entspannt sich zusehends. Auch dann, wenn ich erst mich und dann Anton am ganzen K\u00f6rper mit Filzstift bemale. Hat einfach so mal Spa\u00df gemacht. Mama hat mir trotzdem noch vorgelesen. Also, was soll\u00b4s. Morgen gehts weiter Richtung Osten und ich hoffe auf neue Spielpl\u00e4tze, auf mehr Eis und Anton \u00e4rgern. Dann bleibt\u00b4s spannend hier.<\/p>\n<p>Es gr\u00fc\u00dfe Euch,<\/p>\n<p>die Pauline<\/p>\n<p><a href=\"https:\/\/i0.wp.com\/theblackfamily.de\/wp-content\/uploads\/2010\/02\/IMG_4008.jpg\"><img data-attachment-id=\"382\" data-permalink=\"https:\/\/theblackfamily.de\/?attachment_id=382\" data-orig-file=\"https:\/\/i0.wp.com\/theblackfamily.de\/wp-content\/uploads\/2010\/02\/IMG_4008.jpg?fit=1152%2C1728&amp;ssl=1\" data-orig-size=\"1152,1728\" data-comments-opened=\"1\" data-image-meta=\"{&quot;aperture&quot;:&quot;10&quot;,&quot;credit&quot;:&quot;&quot;,&quot;camera&quot;:&quot;Canon EOS 350D DIGITAL&quot;,&quot;caption&quot;:&quot;&quot;,&quot;created_timestamp&quot;:&quot;1268502920&quot;,&quot;copyright&quot;:&quot;&quot;,&quot;focal_length&quot;:&quot;41&quot;,&quot;iso&quot;:&quot;400&quot;,&quot;shutter_speed&quot;:&quot;0.005&quot;,&quot;title&quot;:&quot;&quot;}\" data-image-title=\"bemalt\" data-image-description=\"\" data-image-caption=\"\" data-medium-file=\"https:\/\/i0.wp.com\/theblackfamily.de\/wp-content\/uploads\/2010\/02\/IMG_4008.jpg?fit=200%2C300&amp;ssl=1\" data-large-file=\"https:\/\/i0.wp.com\/theblackfamily.de\/wp-content\/uploads\/2010\/02\/IMG_4008.jpg?fit=682%2C1024&amp;ssl=1\" loading=\"lazy\" class=\"alignnone size-thumbnail wp-image-382\" title=\"bemalt\" src=\"https:\/\/i0.wp.com\/theblackfamily.de\/wp-content\/uploads\/2010\/02\/IMG_4008.jpg?resize=150%2C150\" alt=\"\" width=\"150\" height=\"150\" srcset=\"https:\/\/i0.wp.com\/theblackfamily.de\/wp-content\/uploads\/2010\/02\/IMG_4008.jpg?resize=150%2C150&amp;ssl=1 150w, https:\/\/i0.wp.com\/theblackfamily.de\/wp-content\/uploads\/2010\/02\/IMG_4008.jpg?zoom=2&amp;resize=150%2C150 300w, https:\/\/i0.wp.com\/theblackfamily.de\/wp-content\/uploads\/2010\/02\/IMG_4008.jpg?zoom=3&amp;resize=150%2C150 450w\" sizes=\"(max-width: 150px) 100vw, 150px\" data-recalc-dims=\"1\" \/><\/a><\/p>\n<p>10. M\u00e4rz 2010<\/p>\n<p>Hab lange nichts von mir h\u00f6ren lassen. Unser Internetstick war leer. Es geht prima hier. Die Leute sind super nett zu mir und dem Anton. Wir haben ne Menge Spa\u00df zusammen, \u00fcberall gibts Spielis mit Rutschen, Schaukeln und Trampoline. Die Aussies blasen die Trampoline von unten auf und dann gibt das so einen Bauch nach oben. Da steigt man drauf und h\u00fcpft rum. Ziemlich weltklasse ist das. Der Anton kann das ja nicht, isser noch zu klein f\u00fcr. Dann br\u00fcllt er und schaukelt ein bisschen. Super Sache hier, das mit dem Australien.<\/p>\n<p>Ach ja, hier noch meine Lieblingsjacke (damit Papa beruhigt ist)<\/p>\n<p><a href=\"https:\/\/i0.wp.com\/theblackfamily.de\/wp-content\/uploads\/2010\/02\/DC000114.jpg\"><img data-attachment-id=\"355\" data-permalink=\"https:\/\/theblackfamily.de\/?attachment_id=355\" data-orig-file=\"https:\/\/i0.wp.com\/theblackfamily.de\/wp-content\/uploads\/2010\/02\/DC000114.jpg?fit=1600%2C1200&amp;ssl=1\" data-orig-size=\"1600,1200\" data-comments-opened=\"1\" data-image-meta=\"{&quot;aperture&quot;:&quot;0&quot;,&quot;credit&quot;:&quot;&quot;,&quot;camera&quot;:&quot;Kidizoom camera&quot;,&quot;caption&quot;:&quot;&quot;,&quot;created_timestamp&quot;:&quot;0&quot;,&quot;copyright&quot;:&quot;&quot;,&quot;focal_length&quot;:&quot;0&quot;,&quot;iso&quot;:&quot;0&quot;,&quot;shutter_speed&quot;:&quot;0&quot;,&quot;title&quot;:&quot;&quot;}\" data-image-title=\"Lieblingsjacke\" data-image-description=\"\" data-image-caption=\"\" data-medium-file=\"https:\/\/i0.wp.com\/theblackfamily.de\/wp-content\/uploads\/2010\/02\/DC000114.jpg?fit=300%2C225&amp;ssl=1\" data-large-file=\"https:\/\/i0.wp.com\/theblackfamily.de\/wp-content\/uploads\/2010\/02\/DC000114.jpg?fit=1024%2C768&amp;ssl=1\" loading=\"lazy\" class=\"alignnone size-thumbnail wp-image-355\" title=\"Lieblingsjacke\" src=\"https:\/\/i0.wp.com\/theblackfamily.de\/wp-content\/uploads\/2010\/02\/DC000114.jpg?resize=150%2C150\" alt=\"\" width=\"150\" height=\"150\" srcset=\"https:\/\/i0.wp.com\/theblackfamily.de\/wp-content\/uploads\/2010\/02\/DC000114.jpg?resize=150%2C150&amp;ssl=1 150w, https:\/\/i0.wp.com\/theblackfamily.de\/wp-content\/uploads\/2010\/02\/DC000114.jpg?zoom=2&amp;resize=150%2C150 300w, https:\/\/i0.wp.com\/theblackfamily.de\/wp-content\/uploads\/2010\/02\/DC000114.jpg?zoom=3&amp;resize=150%2C150 450w\" sizes=\"(max-width: 150px) 100vw, 150px\" data-recalc-dims=\"1\" \/><\/a><\/p>\n<p>und die vom Anton ist das auch<\/p>\n<p><a href=\"https:\/\/i0.wp.com\/theblackfamily.de\/wp-content\/uploads\/2010\/02\/DC000113.jpg\"><img data-attachment-id=\"356\" data-permalink=\"https:\/\/theblackfamily.de\/?attachment_id=356\" data-orig-file=\"https:\/\/i0.wp.com\/theblackfamily.de\/wp-content\/uploads\/2010\/02\/DC000113.jpg?fit=1600%2C1200&amp;ssl=1\" data-orig-size=\"1600,1200\" data-comments-opened=\"1\" data-image-meta=\"{&quot;aperture&quot;:&quot;0&quot;,&quot;credit&quot;:&quot;&quot;,&quot;camera&quot;:&quot;Kidizoom camera&quot;,&quot;caption&quot;:&quot;&quot;,&quot;created_timestamp&quot;:&quot;0&quot;,&quot;copyright&quot;:&quot;&quot;,&quot;focal_length&quot;:&quot;0&quot;,&quot;iso&quot;:&quot;0&quot;,&quot;shutter_speed&quot;:&quot;0&quot;,&quot;title&quot;:&quot;&quot;}\" data-image-title=\"Bruder Anton\" data-image-description=\"\" data-image-caption=\"\" data-medium-file=\"https:\/\/i0.wp.com\/theblackfamily.de\/wp-content\/uploads\/2010\/02\/DC000113.jpg?fit=300%2C225&amp;ssl=1\" data-large-file=\"https:\/\/i0.wp.com\/theblackfamily.de\/wp-content\/uploads\/2010\/02\/DC000113.jpg?fit=1024%2C768&amp;ssl=1\" loading=\"lazy\" class=\"alignnone size-thumbnail wp-image-356\" title=\"Bruder Anton\" src=\"https:\/\/i0.wp.com\/theblackfamily.de\/wp-content\/uploads\/2010\/02\/DC000113.jpg?resize=150%2C150\" alt=\"\" width=\"150\" height=\"150\" srcset=\"https:\/\/i0.wp.com\/theblackfamily.de\/wp-content\/uploads\/2010\/02\/DC000113.jpg?resize=150%2C150&amp;ssl=1 150w, https:\/\/i0.wp.com\/theblackfamily.de\/wp-content\/uploads\/2010\/02\/DC000113.jpg?zoom=2&amp;resize=150%2C150 300w, https:\/\/i0.wp.com\/theblackfamily.de\/wp-content\/uploads\/2010\/02\/DC000113.jpg?zoom=3&amp;resize=150%2C150 450w\" sizes=\"(max-width: 150px) 100vw, 150px\" data-recalc-dims=\"1\" \/><\/a><\/p>\n<p>hab ich \u00fcbrigens gemacht, die Bilder.<\/p>\n<p>27. Februar 2010<\/p>\n<p>hi, ich bin\u00b4s wieder. hab gerade meinen mittagsschlaf gemacht. hatte keine lust auf schlafen aber mama und papa bestehen drauf. jetzt geht\u00b4s mir gut. das mit dem schlafen ist hier so eine sache. um f\u00fcnf, sechs m\u00f6chte ich sogar grad freiwillig ins bett und um ein uhr nachts bin ich wieder topfit. dann darf ich mit papa das neue wimmelbuch \u201cfr\u00fchling\u201d angucken. heute nacht war ich drei stunden wach. aber schlecht gelaunt bin ich deshalb nicht. hier gibt es soo viel zu sehen und entdecken. am lustigsten heute war, als wir alle zum w\u00e4sche-aufh\u00e4ngen auf dem balkon standen und ich die t\u00fcr zugezogen hab. papa wollte wieder rein, aber es ging nicht mehr. irgendwann fingen papa und mama wahnsinnig laut \u201chelp\u201d zu rufen\u2026.anton und ich machten derweil quatsch und fanden es sch\u00f6n da drau\u00dfen. irgendwann kam eine frau und machte uns die t\u00fcr wieder auf. mama meinte, ich solle das nicht mehr machen, mit der t\u00fcr. wieso hab ich aber nicht verstanden, war doch lustig!<\/p>\n<div id=\"attachment_313\" style=\"width: 160px\" class=\"wp-caption alignnone\"><a href=\"https:\/\/i0.wp.com\/theblackfamily.de\/wp-content\/uploads\/2010\/02\/IMG_2828.jpg\"><img aria-describedby=\"caption-attachment-313\" data-attachment-id=\"313\" data-permalink=\"https:\/\/theblackfamily.de\/?attachment_id=313\" data-orig-file=\"https:\/\/i0.wp.com\/theblackfamily.de\/wp-content\/uploads\/2010\/02\/IMG_2828.jpg?fit=1728%2C1152&amp;ssl=1\" data-orig-size=\"1728,1152\" data-comments-opened=\"1\" data-image-meta=\"{&quot;aperture&quot;:&quot;11&quot;,&quot;credit&quot;:&quot;&quot;,&quot;camera&quot;:&quot;Canon EOS 350D DIGITAL&quot;,&quot;caption&quot;:&quot;&quot;,&quot;created_timestamp&quot;:&quot;1267187513&quot;,&quot;copyright&quot;:&quot;&quot;,&quot;focal_length&quot;:&quot;25&quot;,&quot;iso&quot;:&quot;100&quot;,&quot;shutter_speed&quot;:&quot;0.004&quot;,&quot;title&quot;:&quot;&quot;}\" data-image-title=\"Strandleben mit Pauline\" data-image-description=\"\" data-image-caption=\"&lt;p&gt;ich seh und h\u00f6r nix&lt;\/p&gt;\n\" data-medium-file=\"https:\/\/i0.wp.com\/theblackfamily.de\/wp-content\/uploads\/2010\/02\/IMG_2828.jpg?fit=300%2C200&amp;ssl=1\" data-large-file=\"https:\/\/i0.wp.com\/theblackfamily.de\/wp-content\/uploads\/2010\/02\/IMG_2828.jpg?fit=1024%2C682&amp;ssl=1\" loading=\"lazy\" class=\"size-thumbnail wp-image-313\" title=\"Strandleben mit Pauline\" src=\"https:\/\/i0.wp.com\/theblackfamily.de\/wp-content\/uploads\/2010\/02\/IMG_2828.jpg?resize=150%2C150\" alt=\"\" width=\"150\" height=\"150\" srcset=\"https:\/\/i0.wp.com\/theblackfamily.de\/wp-content\/uploads\/2010\/02\/IMG_2828.jpg?resize=150%2C150&amp;ssl=1 150w, https:\/\/i0.wp.com\/theblackfamily.de\/wp-content\/uploads\/2010\/02\/IMG_2828.jpg?zoom=2&amp;resize=150%2C150 300w, https:\/\/i0.wp.com\/theblackfamily.de\/wp-content\/uploads\/2010\/02\/IMG_2828.jpg?zoom=3&amp;resize=150%2C150 450w\" sizes=\"(max-width: 150px) 100vw, 150px\" data-recalc-dims=\"1\" \/><\/a><p id=\"caption-attachment-313\" class=\"wp-caption-text\">ich seh und h\u00f6r nix<\/p><\/div>\n<p>Hallo an alle Leser,<\/p>\n<p>noch 2 Mal schlafen, dann geht\u00b4s los, ich freue mich schon auf alles, was uns erwartet &#8211; ich wei\u00df\u00a0allerdings noch \u00fcberhaupt nicht, was das so sein wird. Wenn ich Lust und Zeit habe, halte ich Euch alle auf dem Laufenden, stelle meine selber geknipsten Bilder online und freue mich \u00fcber Eure Kommentare. Vielleicht mach ich auch mal ne Aufnahme von Anton, der kann das noch nicht &#8211; egal. Daf\u00fcr bin ich ja da.<\/p>\n<p><a href=\"https:\/\/i0.wp.com\/theblackfamily.de\/wp-content\/uploads\/2010\/02\/IMG_2740.jpg\"><img data-attachment-id=\"182\" data-permalink=\"https:\/\/theblackfamily.de\/?attachment_id=182\" data-orig-file=\"https:\/\/i0.wp.com\/theblackfamily.de\/wp-content\/uploads\/2010\/02\/IMG_2740.jpg?fit=1728%2C1152&amp;ssl=1\" data-orig-size=\"1728,1152\" data-comments-opened=\"1\" data-image-meta=\"{&quot;aperture&quot;:&quot;5.6&quot;,&quot;credit&quot;:&quot;&quot;,&quot;camera&quot;:&quot;Canon EOS 350D DIGITAL&quot;,&quot;caption&quot;:&quot;&quot;,&quot;created_timestamp&quot;:&quot;1266170815&quot;,&quot;copyright&quot;:&quot;&quot;,&quot;focal_length&quot;:&quot;55&quot;,&quot;iso&quot;:&quot;400&quot;,&quot;shutter_speed&quot;:&quot;0.0166666666667&quot;,&quot;title&quot;:&quot;&quot;}\" data-image-title=\"Paulines Statement No. 1\" data-image-description=\"\" data-image-caption=\"\" data-medium-file=\"https:\/\/i0.wp.com\/theblackfamily.de\/wp-content\/uploads\/2010\/02\/IMG_2740.jpg?fit=300%2C200&amp;ssl=1\" data-large-file=\"https:\/\/i0.wp.com\/theblackfamily.de\/wp-content\/uploads\/2010\/02\/IMG_2740.jpg?fit=1024%2C682&amp;ssl=1\" loading=\"lazy\" class=\"alignnone size-thumbnail wp-image-182\" title=\"Paulines Statement No. 1\" src=\"https:\/\/i0.wp.com\/theblackfamily.de\/wp-content\/uploads\/2010\/02\/IMG_2740.jpg?resize=150%2C150\" alt=\"\" width=\"150\" height=\"150\" srcset=\"https:\/\/i0.wp.com\/theblackfamily.de\/wp-content\/uploads\/2010\/02\/IMG_2740.jpg?resize=150%2C150&amp;ssl=1 150w, https:\/\/i0.wp.com\/theblackfamily.de\/wp-content\/uploads\/2010\/02\/IMG_2740.jpg?zoom=2&amp;resize=150%2C150 300w, https:\/\/i0.wp.com\/theblackfamily.de\/wp-content\/uploads\/2010\/02\/IMG_2740.jpg?zoom=3&amp;resize=150%2C150 450w\" sizes=\"(max-width: 150px) 100vw, 150px\" data-recalc-dims=\"1\" \/><\/a><\/p>\n<p>Bis demn\u00e4chst auf dieser Seite.<\/p>\n<p>Eure Pauline<\/p>\n","protected":false},"excerpt":{"rendered":"<p>14. April 2010 hallo, wollte mich auch mal wieder melden. hab lange nichts mehrvon mir h\u00f6ren lassen. mir gings auch nicht so gut. mama meint, ich h\u00e4tte mundf\u00e4ule gehabt. h\u00f6rt sich ja komisch an. war es aber garnicht!!!! ich hatte drei tage fieber und dann gings los. \u00fcberall so bl\u00e4schen im mund und das zahnfleisch [&hellip;]<\/p>\n","protected":false},"author":2,"featured_media":0,"parent":0,"menu_order":1,"comment_status":"open","ping_status":"open","template":"","meta":{"ngg_post_thumbnail":0,"spay_email":""},"jetpack_sharing_enabled":true,"jetpack_shortlink":"https:\/\/wp.me\/P74UKo-4a","jetpack-related-posts":[],"_links":{"self":[{"href":"https:\/\/theblackfamily.de\/index.php?rest_route=\/wp\/v2\/pages\/258"}],"collection":[{"href":"https:\/\/theblackfamily.de\/index.php?rest_route=\/wp\/v2\/pages"}],"about":[{"href":"https:\/\/theblackfamily.de\/index.php?rest_route=\/wp\/v2\/types\/page"}],"author":[{"embeddable":true,"href":"https:\/\/theblackfamily.de\/index.php?rest_route=\/wp\/v2\/users\/2"}],"replies":[{"embeddable":true,"href":"https:\/\/theblackfamily.de\/index.php?rest_route=%2Fwp%2Fv2%2Fcomments&post=258"}],"version-history":[{"count":34,"href":"https:\/\/theblackfamily.de\/index.php?rest_route=\/wp\/v2\/pages\/258\/revisions"}],"predecessor-version":[{"id":273,"href":"https:\/\/theblackfamily.de\/index.php?rest_route=\/wp\/v2\/pages\/258\/revisions\/273"}],"wp:attachment":[{"href":"https:\/\/theblackfamily.de\/index.php?rest_route=%2Fwp%2Fv2%2Fmedia&parent=258"}],"curies":[{"name":"wp","href":"https:\/\/api.w.org\/{rel}","templated":true}]}}