{"id":34,"date":"2010-02-10T21:10:49","date_gmt":"2010-02-10T21:10:49","guid":{"rendered":"http:\/\/theblackfamily.de\/?page_id=34"},"modified":"2010-03-05T00:24:13","modified_gmt":"2010-03-05T00:24:13","slug":"impressum-2","status":"publish","type":"page","link":"https:\/\/theblackfamily.de\/?page_id=34","title":{"rendered":"Impressum"},"content":{"rendered":"<p>Familie\u00a0Schwarz<\/p>\n<p><span style=\"color: #000000;\">e-Mail: <\/span><a href=\"mailto:Thomas_Black@web.de\"><span style=\"color: #000000;\">Thomas_Black@web.de<\/span><\/a><\/p>\n<p><span style=\"color: #000000;\">URL:\/\/<\/span><a href=\"http:\/\/www.theblackfamily.de\"><span style=\"color: #000000;\">www.theblackfamily.de<\/span><\/a><\/p>\n<p>Haftungsausschluss:<\/p>\n<p>Trotz sorgf\u00e4ltiger inhaltlicher Kontrolle \u00fcbernehmen wir keine Haftung f\u00fcr Inhalte externer Links. F\u00fcr den Inhalt externer Links sind ausschlie\u00dflich deren Betreiber verantwortlich<\/p>\n","protected":false},"excerpt":{"rendered":"<p>Familie\u00a0Schwarz e-Mail: Thomas_Black@web.de URL:\/\/www.theblackfamily.de Haftungsausschluss: Trotz sorgf\u00e4ltiger inhaltlicher Kontrolle \u00fcbernehmen wir keine Haftung f\u00fcr Inhalte externer Links. F\u00fcr den Inhalt externer Links sind ausschlie\u00dflich deren Betreiber verantwortlich<\/p>\n","protected":false},"author":1,"featured_media":0,"parent":0,"menu_order":6,"comment_status":"closed","ping_status":"open","template":"","meta":{"ngg_post_thumbnail":0,"spay_email":""},"jetpack_sharing_enabled":true,"jetpack_shortlink":"https:\/\/wp.me\/P74UKo-y","jetpack-related-posts":[{"id":258,"url":"https:\/\/theblackfamily.de\/?page_id=258","url_meta":{"origin":34,"position":0},"title":"Ich bin\u00b4s, die Pauline","date":"21. Februar 2010","format":false,"excerpt":"14. April 2010 hallo, wollte mich auch mal wieder melden. hab lange nichts mehrvon mir h\u00f6ren lassen. mir gings auch nicht so gut. mama meint, ich h\u00e4tte mundf\u00e4ule gehabt. h\u00f6rt sich ja komisch an. war es aber garnicht!!!! ich hatte drei tage fieber und dann gings los. \u00fcberall so bl\u00e4schen\u2026","rel":"","context":"In &quot;Allgemein&quot;","img":{"alt_text":"","src":"","width":0,"height":0},"classes":[]}],"_links":{"self":[{"href":"https:\/\/theblackfamily.de\/index.php?rest_route=\/wp\/v2\/pages\/34"}],"collection":[{"href":"https:\/\/theblackfamily.de\/index.php?rest_route=\/wp\/v2\/pages"}],"about":[{"href":"https:\/\/theblackfamily.de\/index.php?rest_route=\/wp\/v2\/types\/page"}],"author":[{"embeddable":true,"href":"https:\/\/theblackfamily.de\/index.php?rest_route=\/wp\/v2\/users\/1"}],"replies":[{"embeddable":true,"href":"https:\/\/theblackfamily.de\/index.php?rest_route=%2Fwp%2Fv2%2Fcomments&post=34"}],"version-history":[{"count":15,"href":"https:\/\/theblackfamily.de\/index.php?rest_route=\/wp\/v2\/pages\/34\/revisions"}],"predecessor-version":[{"id":324,"href":"https:\/\/theblackfamily.de\/index.php?rest_route=\/wp\/v2\/pages\/34\/revisions\/324"}],"wp:attachment":[{"href":"https:\/\/theblackfamily.de\/index.php?rest_route=%2Fwp%2Fv2%2Fmedia&parent=34"}],"curies":[{"name":"wp","href":"https:\/\/api.w.org\/{rel}","templated":true}]}}